{"id":175,"date":"2024-02-15T14:34:45","date_gmt":"2024-02-15T13:34:45","guid":{"rendered":"http:\/\/50latweip.agh.edu.pl\/?page_id=175"},"modified":"2024-06-24T23:32:10","modified_gmt":"2024-06-24T21:32:10","slug":"rejestracja","status":"publish","type":"page","link":"https:\/\/50latweip.agh.edu.pl\/aktualnosci\/rejestracja\/","title":{"rendered":"Rejestracja"},"content":{"rendered":"\n<p class=\"has-luminous-vivid-orange-color has-text-color has-link-color has-medium-font-size wp-elements-d79a751094360169cf34c36196597bd5\"><strong>Rejestracja zosta\u0142a zako\u0144czona !  <\/strong><\/p>\n\n\n\n<p><strong>Rejestracja na Jubileuszowy Zjazd Absolwent\u00f3w Wydzia\u0142u Energetyki i Paliw<\/strong><\/p>\n\n\n\n<p>Serdecznie zapraszamy na Jubileuszowy Zjazd Absolwent\u00f3w, kt\u00f3ry odb\u0119dzie si\u0119 w malowniczym \u201eFolwarku Zalesie\u201d w Grajowie, dnia 28 czerwca 2024 r. To wyj\u0105tkowa okazja, aby wsp\u00f3lnie \u015bwi\u0119towa\u0107 i powspomina\u0107 lata studenckie.<\/p>\n\n\n\n<p><strong>Miejsce spotkania:<\/strong> \u201eFolwark Zalesie\u201d \u2013 idylliczne miejsce, gwarantuj\u0105ce niezapomniane wra\u017cenia i komfortowy pobyt dzi\u0119ki dost\u0119pnym miejscom hotelowym.<\/p>\n\n\n\n<figure class=\"wp-block-image size-full is-resized\"><img loading=\"lazy\" decoding=\"async\" width=\"506\" height=\"186\" src=\"http:\/\/50latweip.agh.edu.pl\/wp-content\/uploads\/2024\/02\/folwark_zalesie_logo.png\" alt=\"\" class=\"wp-image-178\" style=\"width:195px;height:auto\" srcset=\"https:\/\/50latweip.agh.edu.pl\/wp-content\/uploads\/2024\/02\/folwark_zalesie_logo.png 506w, https:\/\/50latweip.agh.edu.pl\/wp-content\/uploads\/2024\/02\/folwark_zalesie_logo-300x110.png 300w\" sizes=\"auto, (max-width: 506px) 100vw, 506px\" \/><\/figure>\n\n\n\n<figure class=\"wp-block-gallery has-nested-images columns-default is-cropped wp-block-gallery-1 is-layout-flex wp-block-gallery-is-layout-flex\">\n<figure class=\"wp-block-image size-large\"><img loading=\"lazy\" decoding=\"async\" width=\"1024\" height=\"683\" data-id=\"204\" src=\"http:\/\/50latweip.agh.edu.pl\/wp-content\/uploads\/2024\/03\/06-Folwark-Zewnatrz-1024x683.jpg\" alt=\"\" class=\"wp-image-204\" srcset=\"https:\/\/50latweip.agh.edu.pl\/wp-content\/uploads\/2024\/03\/06-Folwark-Zewnatrz-1024x683.jpg 1024w, https:\/\/50latweip.agh.edu.pl\/wp-content\/uploads\/2024\/03\/06-Folwark-Zewnatrz-300x200.jpg 300w, https:\/\/50latweip.agh.edu.pl\/wp-content\/uploads\/2024\/03\/06-Folwark-Zewnatrz-768x512.jpg 768w, https:\/\/50latweip.agh.edu.pl\/wp-content\/uploads\/2024\/03\/06-Folwark-Zewnatrz-1536x1024.jpg 1536w, https:\/\/50latweip.agh.edu.pl\/wp-content\/uploads\/2024\/03\/06-Folwark-Zewnatrz.jpg 1920w\" sizes=\"auto, (max-width: 767px) 89vw, (max-width: 1000px) 54vw, (max-width: 1071px) 543px, 580px\" \/><\/figure>\n\n\n\n<figure class=\"wp-block-image size-large\"><img loading=\"lazy\" decoding=\"async\" width=\"1024\" height=\"723\" data-id=\"205\" src=\"http:\/\/50latweip.agh.edu.pl\/wp-content\/uploads\/2024\/03\/FZ_mapa8_RGB_PNG-1024x723.jpg\" alt=\"\" class=\"wp-image-205\" srcset=\"https:\/\/50latweip.agh.edu.pl\/wp-content\/uploads\/2024\/03\/FZ_mapa8_RGB_PNG-1024x723.jpg 1024w, https:\/\/50latweip.agh.edu.pl\/wp-content\/uploads\/2024\/03\/FZ_mapa8_RGB_PNG-300x212.jpg 300w, https:\/\/50latweip.agh.edu.pl\/wp-content\/uploads\/2024\/03\/FZ_mapa8_RGB_PNG-768x542.jpg 768w, https:\/\/50latweip.agh.edu.pl\/wp-content\/uploads\/2024\/03\/FZ_mapa8_RGB_PNG-1536x1085.jpg 1536w, https:\/\/50latweip.agh.edu.pl\/wp-content\/uploads\/2024\/03\/FZ_mapa8_RGB_PNG.jpg 1920w\" sizes=\"auto, (max-width: 767px) 89vw, (max-width: 1000px) 54vw, (max-width: 1071px) 543px, 580px\" \/><\/figure>\n\n\n\n<figure class=\"wp-block-image size-large\"><img loading=\"lazy\" decoding=\"async\" width=\"1024\" height=\"683\" data-id=\"203\" src=\"http:\/\/50latweip.agh.edu.pl\/wp-content\/uploads\/2024\/03\/04-Sala-Bankietowa-1-1024x683.jpg\" alt=\"\" class=\"wp-image-203\" srcset=\"https:\/\/50latweip.agh.edu.pl\/wp-content\/uploads\/2024\/03\/04-Sala-Bankietowa-1-1024x683.jpg 1024w, https:\/\/50latweip.agh.edu.pl\/wp-content\/uploads\/2024\/03\/04-Sala-Bankietowa-1-300x200.jpg 300w, https:\/\/50latweip.agh.edu.pl\/wp-content\/uploads\/2024\/03\/04-Sala-Bankietowa-1-768x512.jpg 768w, https:\/\/50latweip.agh.edu.pl\/wp-content\/uploads\/2024\/03\/04-Sala-Bankietowa-1-1536x1024.jpg 1536w, https:\/\/50latweip.agh.edu.pl\/wp-content\/uploads\/2024\/03\/04-Sala-Bankietowa-1.jpg 1920w\" sizes=\"auto, (max-width: 767px) 89vw, (max-width: 1000px) 54vw, (max-width: 1071px) 543px, 580px\" \/><\/figure>\n\n\n\n<figure class=\"wp-block-image size-large\"><img loading=\"lazy\" decoding=\"async\" width=\"1024\" height=\"683\" data-id=\"202\" src=\"http:\/\/50latweip.agh.edu.pl\/wp-content\/uploads\/2024\/03\/08-Sala-bankietowa-2-1024x683.jpg\" alt=\"\" class=\"wp-image-202\" srcset=\"https:\/\/50latweip.agh.edu.pl\/wp-content\/uploads\/2024\/03\/08-Sala-bankietowa-2-1024x683.jpg 1024w, https:\/\/50latweip.agh.edu.pl\/wp-content\/uploads\/2024\/03\/08-Sala-bankietowa-2-300x200.jpg 300w, https:\/\/50latweip.agh.edu.pl\/wp-content\/uploads\/2024\/03\/08-Sala-bankietowa-2-768x512.jpg 768w, https:\/\/50latweip.agh.edu.pl\/wp-content\/uploads\/2024\/03\/08-Sala-bankietowa-2-1536x1024.jpg 1536w, https:\/\/50latweip.agh.edu.pl\/wp-content\/uploads\/2024\/03\/08-Sala-bankietowa-2.jpg 1920w\" sizes=\"auto, (max-width: 767px) 89vw, (max-width: 1000px) 54vw, (max-width: 1071px) 543px, 580px\" \/><\/figure>\n\n\n\n<figure class=\"wp-block-image size-large\"><img loading=\"lazy\" decoding=\"async\" width=\"1024\" height=\"683\" data-id=\"201\" src=\"http:\/\/50latweip.agh.edu.pl\/wp-content\/uploads\/2024\/03\/01-Folwark-Zalesie-z-lotu-ptaka-1024x683.jpg\" alt=\"\" class=\"wp-image-201\" srcset=\"https:\/\/50latweip.agh.edu.pl\/wp-content\/uploads\/2024\/03\/01-Folwark-Zalesie-z-lotu-ptaka-1024x683.jpg 1024w, https:\/\/50latweip.agh.edu.pl\/wp-content\/uploads\/2024\/03\/01-Folwark-Zalesie-z-lotu-ptaka-300x200.jpg 300w, https:\/\/50latweip.agh.edu.pl\/wp-content\/uploads\/2024\/03\/01-Folwark-Zalesie-z-lotu-ptaka-768x512.jpg 768w, https:\/\/50latweip.agh.edu.pl\/wp-content\/uploads\/2024\/03\/01-Folwark-Zalesie-z-lotu-ptaka-1536x1024.jpg 1536w, https:\/\/50latweip.agh.edu.pl\/wp-content\/uploads\/2024\/03\/01-Folwark-Zalesie-z-lotu-ptaka.jpg 1920w\" sizes=\"auto, (max-width: 767px) 89vw, (max-width: 1000px) 54vw, (max-width: 1071px) 543px, 580px\" \/><\/figure>\n<\/figure>\n\n\n\n<p class=\"has-vivid-red-color has-text-color has-link-color wp-elements-f8f59a4ce247119059257816569fef05\"><strong>Transport na Bal:<\/strong> Autobusy b\u0119d\u0105 odje\u017cd\u017ca\u0107 z AGH (<strong>plac przy G\u0142\u00f3wnej Bibliotece AGH, mi\u0119dzy budynkami A2 i A3, wej\u015bcie od ul. Reymonta 7) o godzinie 18:00 i 18:15<\/strong>.<\/p>\n\n\n\n<p>Istnieje mo\u017cliwo\u015b\u0107 <strong>pozostawienia samochodu na terenie AGH na noc 28\/29 czerwca<\/strong>. Dysponujemy ograniczon\u0105 liczb\u0105 miejsc parkingowych. Prosimy o zg\u0142oszenie ch\u0119ci zaparkowania samochodu na terenie AGH do czwartku 27 czerwca do godz. 12.00, pisz\u0105c na email <a href=\"mailto:weip50@agh.edu.pl\">weip50@agh.edu.pl<\/a> .<\/p>\n\n\n\n<p><strong>Powr\u00f3t z Grajowa:<\/strong> Autobus powrotny zostanie zapewniony po zebraniu 10 os\u00f3b (w ci\u0105gu maksymalnie 30 minut). Autobus b\u0119dzie zatrzymywa\u0142 si\u0119 w Krakowie na przystankach MPK: Prokocim Szpital, Rondo Matecznego, Jubilat i pod AGH (przystanek ko\u0144cowy).<\/p>\n\n\n\n<p><strong>Wsp\u00f3\u0142rz\u0119dne Folwarku Zalesie:<\/strong> 49.92355126103135, 20.10323229986213<\/p>\n\n\n\n<p>Wi\u0119cej informacji o miejscu wydarzenia mo\u017cna znale\u017a\u0107 na stronie: <a href=\"https:\/\/www.folwarkzalesie.pl\">Folwark Zalesie<\/a>.<\/p>\n\n\n\n<p>Serdecznie prosimy o punktualno\u015b\u0107 oraz wcze\u015bniejsze zg\u0142oszenie ch\u0119ci skorzystania z parkingu.<\/p>\n\n\n\n<p><strong>Koszt udzia\u0142u:<\/strong> Udzia\u0142 w zje\u017adzie to inwestycja w niezapomniane wspomnienia.<br>Koszt uczestnictwa wynosi <strong>390 z\u0142 brutto za osob\u0119<\/strong>.<\/p>\n\n\n\n<p>Prosimy o wype\u0142nienie poni\u017cszego formularza rejestracyjnego, aby zarezerwowa\u0107 swoje miejsce. Nie przegap tej wyj\u0105tkowej okazji na spotkanie z dawno niewidzianymi kole\u017cankami i kolegami!<br><\/p>\n\n\n\n<p>Dane do przelewu:<\/p>\n\n\n\n<p>Folwark Zalesie W. \u0141azarski, A.N. Michalscy Sp. j.<br>Graj\u00f3w 150<br>32-020 Wieliczka<\/p>\n\n\n\n<p>KBS I Oddzia\u0142 Krak\u00f3w<br>Nr konta: 52 8591 0007 0020 0054 9310 0001<\/p>\n\n\n\n<p>Dane do przelewu zagranicznego :<\/p>\n\n\n\n<p>SWIFT: KRSPPLPK<\/p>\n\n\n\n<p>IBAN: PL 52 8591 0007 0020 0054 9310 0001<\/p>\n\n\n\n<p>Tytu\u0142: Bal Absolwenta 50lat WEIP<br><br>Potwierdzenie przelewu na adres: <a href=\"mailto:weip50@agh.edu.pl\">weip50@agh.edu.pl<\/a><\/p>\n\n\n\n<p class=\"has-luminous-vivid-orange-color has-text-color has-link-color has-medium-font-size wp-elements-d79a751094360169cf34c36196597bd5\"><strong>Rejestracja zosta\u0142a zako\u0144czona !  <\/strong><\/p>\n\n\n\n<p><strong>Formularz:<\/strong><\/p>\n\n\n\n<div class=\"wp-block-contact-form-7-contact-form-selector\"><p class=\"wpcf7-contact-form-not-found\"><strong>B\u0142\u0105d:<\/strong> Brak formularza kontaktowego.<\/p><\/div>\n","protected":false},"excerpt":{"rendered":"<p>Rejestracja zosta\u0142a zako\u0144czona ! Rejestracja na Jubileuszowy Zjazd Absolwent\u00f3w Wydzia\u0142u Energetyki i Paliw Serdecznie zapraszamy na Jubileuszowy Zjazd Absolwent\u00f3w, kt\u00f3ry odb\u0119dzie si\u0119 w malowniczym \u201eFolwarku Zalesie\u201d w Grajowie, dnia 28 czerwca 2024 r. To wyj\u0105tkowa okazja, aby wsp\u00f3lnie \u015bwi\u0119towa\u0107 i powspomina\u0107 lata studenckie. Miejsce spotkania: \u201eFolwark Zalesie\u201d \u2013 idylliczne miejsce, gwarantuj\u0105ce niezapomniane wra\u017cenia i komfortowy &hellip; <\/p>\n<p class=\"link-more\"><a href=\"https:\/\/50latweip.agh.edu.pl\/aktualnosci\/rejestracja\/\" class=\"more-link\">Czytaj dalej<span class=\"screen-reader-text\"> \u201eRejestracja\u201d<\/span><\/a><\/p>\n","protected":false},"author":1,"featured_media":0,"parent":0,"menu_order":0,"comment_status":"closed","ping_status":"closed","template":"","meta":{"footnotes":""},"class_list":["post-175","page","type-page","status-publish","hentry"],"_links":{"self":[{"href":"https:\/\/50latweip.agh.edu.pl\/aktualnosci\/wp-json\/wp\/v2\/pages\/175","targetHints":{"allow":["GET"]}}],"collection":[{"href":"https:\/\/50latweip.agh.edu.pl\/aktualnosci\/wp-json\/wp\/v2\/pages"}],"about":[{"href":"https:\/\/50latweip.agh.edu.pl\/aktualnosci\/wp-json\/wp\/v2\/types\/page"}],"author":[{"embeddable":true,"href":"https:\/\/50latweip.agh.edu.pl\/aktualnosci\/wp-json\/wp\/v2\/users\/1"}],"replies":[{"embeddable":true,"href":"https:\/\/50latweip.agh.edu.pl\/aktualnosci\/wp-json\/wp\/v2\/comments?post=175"}],"version-history":[{"count":13,"href":"https:\/\/50latweip.agh.edu.pl\/aktualnosci\/wp-json\/wp\/v2\/pages\/175\/revisions"}],"predecessor-version":[{"id":305,"href":"https:\/\/50latweip.agh.edu.pl\/aktualnosci\/wp-json\/wp\/v2\/pages\/175\/revisions\/305"}],"wp:attachment":[{"href":"https:\/\/50latweip.agh.edu.pl\/aktualnosci\/wp-json\/wp\/v2\/media?parent=175"}],"curies":[{"name":"wp","href":"https:\/\/api.w.org\/{rel}","templated":true}]}}