{"id":298,"date":"2024-06-07T21:42:00","date_gmt":"2024-06-07T19:42:00","guid":{"rendered":"http:\/\/50latweip.agh.edu.pl\/?page_id=298"},"modified":"2025-10-09T22:38:42","modified_gmt":"2025-10-09T20:38:42","slug":"aktualnosci","status":"publish","type":"page","link":"https:\/\/50latweip.agh.edu.pl\/aktualnosci\/","title":{"rendered":"Aktualno\u015bci"},"content":{"rendered":"\n<p><\/p>\n\n\n\n<p><strong>Data i Miejsce:<\/strong> Bal odb\u0119dzie si\u0119 w <strong>Folwarku Zalesie w Grajowie (ko\u0142o Wieliczki)<\/strong>. Zaczynamy aperitifem o 19:30, a cz\u0119\u015b\u0107 oficjalna rozpocznie si\u0119 o godzinie 20:00.<\/p>\n\n\n\n<p><strong>Noclegi:<\/strong> Folwark Zalesie dysponuje miejscami hotelowymi. Rezerwacja miejsc hotelowych we w\u0142asnym zakresie. Wi\u0119cej informacji na stronie: <a href=\"http:\/\/www.folwarkzalesie.pl\/\">Folwark Zalesie<\/a>.<\/p>\n\n\n\n<p><strong>Atrakcje:<\/strong> Organizatorzy zapewniaj\u0105 dobr\u0105 zabaw\u0119 przy udziale DJ, mn\u00f3stwo atrakcji, przepyszne jedzenie i napoje oraz alkohol (1 butelka wina lub w\u00f3dki na osob\u0119) oraz piwo.<\/p>\n\n\n\n<p class=\"has-vivid-red-color has-text-color has-link-color has-medium-font-size wp-elements-efd3beb145df4213bbca8ce647a22b5d\"><strong>Transport na Bal:<\/strong> Autobusy b\u0119d\u0105 odje\u017cd\u017ca\u0107 z AGH (<strong>plac przy G\u0142\u00f3wnej Bibliotece AGH, mi\u0119dzy budynkami A2 i A3, wej\u015bcie od ul. Reymonta 7) o godzinie 18:00 i 18:15<\/strong>.<\/p>\n\n\n\n<p>Istnieje mo\u017cliwo\u015b\u0107 <strong>pozostawienia samochodu na terenie AGH na noc 28\/29 czerwca<\/strong>. Dysponujemy ograniczon\u0105 liczb\u0105 miejsc parkingowych. Prosimy o zg\u0142oszenie ch\u0119ci zaparkowania samochodu na terenie AGH do czwartku 27 czerwca do godz. 12.00, pisz\u0105c na email <a href=\"mailto:weip50@agh.edu.pl\">weip50@agh.edu.pl<\/a> .<\/p>\n\n\n\n<p><strong>Powr\u00f3t z Grajowa:<\/strong> Autobus powrotny zostanie zapewniony po zebraniu 10 os\u00f3b (w ci\u0105gu maksymalnie 30 minut). Autobus b\u0119dzie zatrzymywa\u0142 si\u0119 w Krakowie na przystankach MPK: Prokocim Szpital, Rondo Matecznego, Jubilat i pod AGH (przystanek ko\u0144cowy).<\/p>\n\n\n\n<p><strong>Wsp\u00f3\u0142rz\u0119dne Folwarku Zalesie:<\/strong> 49.92355126103135, 20.10323229986213<\/p>\n\n\n\n<p>Wi\u0119cej informacji o miejscu wydarzenia mo\u017cna znale\u017a\u0107 na stronie: <a href=\"https:\/\/www.folwarkzalesie.pl\">Folwark Zalesie<\/a>.<\/p>\n\n\n\n<p>Serdecznie prosimy o punktualno\u015b\u0107 oraz wcze\u015bniejsze zg\u0142oszenie ch\u0119ci skorzystania z parkingu.<\/p>\n\n\n\n<p><strong>Op\u0142aty:<\/strong> Serdecznie dzi\u0119kujemy za wp\u0142aty za bal. Tym, kt\u00f3rzy jeszcze nie op\u0142acili, nie\u015bmia\u0142o przypominamy o dokonaniu p\u0142atno\u015bci. Prosimy r\u00f3wnie\u017c o przes\u0142anie potwierdze\u0144 przelewu, je\u015bli jeszcze tego nie zrobili\u015bcie.<\/p>\n\n\n\n<p><strong>Konferencja:<\/strong> Przypominamy, \u017ce w zwi\u0105zku z naszym jubileuszem organizowana jest r\u00f3wnie\u017c konferencja naukowa <strong>Energy Fuel Environment 2024<\/strong> od \u015brody 26 czerwca do pi\u0105tku 28 czerwca (dodatkowo p\u0142atna). Pi\u0105tek jest dniem, kiedy na konferencji b\u0119dziemy wspomina\u0107 histori\u0119 naszego Wydzia\u0142u. Zapraszamy r\u00f3wnie\u017c uczestnik\u00f3w do odwiedzenia mur\u00f3w uczelni i wzi\u0119cia udzia\u0142u w konferencji w tym dniu. Wi\u0119cej informacji na stronie konferencyjnej: <a href=\"https:\/\/efe2024.agh.edu.pl\">EFE 2024<\/a>.<\/p>\n\n\n\n<p><\/p>\n\n\n\n<p>Z niecierpliwo\u015bci\u0105 czekamy na wsp\u00f3lne \u015bwi\u0119towanie!<\/p>\n\n\n\n<p>Z serdecznymi pozdrowieniami,<\/p>\n\n\n\n<p><strong>Organizatorzy Jubileuszowego Balu Absolwenta WEiP<\/strong><\/p>\n","protected":false},"excerpt":{"rendered":"<p>Data i Miejsce: Bal odb\u0119dzie si\u0119 w Folwarku Zalesie w Grajowie (ko\u0142o Wieliczki). Zaczynamy aperitifem o 19:30, a cz\u0119\u015b\u0107 oficjalna rozpocznie si\u0119 o godzinie 20:00. Noclegi: Folwark Zalesie dysponuje miejscami hotelowymi. Rezerwacja miejsc hotelowych we w\u0142asnym zakresie. Wi\u0119cej informacji na stronie: Folwark Zalesie. Atrakcje: Organizatorzy zapewniaj\u0105 dobr\u0105 zabaw\u0119 przy udziale DJ, mn\u00f3stwo atrakcji, przepyszne jedzenie &hellip; <\/p>\n<p class=\"link-more\"><a href=\"https:\/\/50latweip.agh.edu.pl\/aktualnosci\/\" class=\"more-link\">Czytaj dalej<span class=\"screen-reader-text\"> \u201eAktualno\u015bci\u201d<\/span><\/a><\/p>\n","protected":false},"author":1,"featured_media":0,"parent":0,"menu_order":0,"comment_status":"closed","ping_status":"closed","template":"","meta":{"footnotes":""},"class_list":["post-298","page","type-page","status-publish","hentry"],"_links":{"self":[{"href":"https:\/\/50latweip.agh.edu.pl\/aktualnosci\/wp-json\/wp\/v2\/pages\/298","targetHints":{"allow":["GET"]}}],"collection":[{"href":"https:\/\/50latweip.agh.edu.pl\/aktualnosci\/wp-json\/wp\/v2\/pages"}],"about":[{"href":"https:\/\/50latweip.agh.edu.pl\/aktualnosci\/wp-json\/wp\/v2\/types\/page"}],"author":[{"embeddable":true,"href":"https:\/\/50latweip.agh.edu.pl\/aktualnosci\/wp-json\/wp\/v2\/users\/1"}],"replies":[{"embeddable":true,"href":"https:\/\/50latweip.agh.edu.pl\/aktualnosci\/wp-json\/wp\/v2\/comments?post=298"}],"version-history":[{"count":3,"href":"https:\/\/50latweip.agh.edu.pl\/aktualnosci\/wp-json\/wp\/v2\/pages\/298\/revisions"}],"predecessor-version":[{"id":308,"href":"https:\/\/50latweip.agh.edu.pl\/aktualnosci\/wp-json\/wp\/v2\/pages\/298\/revisions\/308"}],"wp:attachment":[{"href":"https:\/\/50latweip.agh.edu.pl\/aktualnosci\/wp-json\/wp\/v2\/media?parent=298"}],"curies":[{"name":"wp","href":"https:\/\/api.w.org\/{rel}","templated":true}]}}